{"id":987511706,"date":"2024-02-27T14:34:35","date_gmt":"2024-02-27T13:34:35","guid":{"rendered":"https:\/\/estherfortmann.com\/impressum\/"},"modified":"2024-07-16T22:18:34","modified_gmt":"2024-07-16T20:18:34","slug":"impressum","status":"publish","type":"page","link":"https:\/\/estherfortmann.com\/es\/impressum\/","title":{"rendered":"Aviso legal"},"content":{"rendered":"<p>[et_pb_section fb_built=\u00bb1&#8243; _builder_version=\u00bb4.25.0&#8243; _module_preset=\u00bbdefault\u00bb global_colors_info=\u00bb{}\u00bb][et_pb_row _builder_version=\u00bb4.25.0&#8243; _module_preset=\u00bbdefault\u00bb global_colors_info=\u00bb{}\u00bb][et_pb_column type=\u00bb4_4&#8243; _builder_version=\u00bb4.25.0&#8243; _module_preset=\u00bbdefault\u00bb global_colors_info=\u00bb{}\u00bb][et_pb_text _builder_version=\u00bb4.25.2&#8243; _module_preset=\u00bbdefault\u00bb text_text_color=\u00bb#000000&#8243; header_font=\u00bbCinzel|300||on|||||\u00bb header_text_color=\u00bb#A23972&#8243; header_2_font=\u00bbCinzel|300||on|||||\u00bb header_2_text_color=\u00bb#A23972&#8243; custom_margin=\u00bb-1px||42px|||\u00bb global_colors_info=\u00bb{}\u00bb]<\/p>\n<h1><b>Aviso legal<\/b><\/h1>\n<p>Direcci\u00f3n: Bismarckstra\u00dfe 18, 26122 Oldenburg, Alemania<\/p>\n<p>Tel\u00e9fono: 49 (0) 152 31 98 58 00<br \/>Correo electr\u00f3nico: info(at)estherfortmann.com<\/p>\n<p>Gerente con derecho a representaci\u00f3n: Esther Fortmann<\/p>\n<p>N\u00famero de identificaci\u00f3n fiscal conforme al art. 27a de la Ley del IVA alem\u00e1n: 2364\/112\/21026<\/p>\n<p>Responsable del contenido: Esther Fortmann y los colaboradores que firmen contenidos a su nombre.<\/p>\n<p>&nbsp;<\/p>\n<h2><span style=\"font-weight: 400;\">DESCARGO DE RESPONSABILIDAD:<\/span><\/h2>\n<h2><span style=\"font-weight: 400;\">Responsabilidad por el contenido<\/span><\/h2>\n<p>El contenido de nuestro sitio web ha sido elaborado con el m\u00e1ximo cuidado. Sin embargo, no puedo asumir ninguna responsabilidad por la exactitud, integridad y actualidad de los contenidos. Como proveedora de servicios, somos responsables de nuestros propios contenidos en estas p\u00e1ginas de acuerdo con el art\u00edculo 7 (1) TMG (Ley alemana de medios de telecomunicaci\u00f3n) y las leyes generales. Sin embargo, seg\u00fan los \u00a7\u00a7 8 a 10 de la TMG, como proveedora de servicios no estoy obligada a controlar la informaci\u00f3n ajena transmitida o almacenada ni a investigar circunstancias que indiquen una actividad ilegal. Esto no afecta a las obligaciones de eliminar o bloquear el uso de informaci\u00f3n de conformidad con la legislaci\u00f3n general. Sin embargo, la responsabilidad a este respecto s\u00f3lo es posible a partir del momento en que se tiene conocimiento de una infracci\u00f3n concreta. En cuanto tenga conocimiento de tales infracciones, eliminar\u00e9 inmediatamente estos contenidos.<\/p>\n<h3><span style=\"font-weight: 400;\">Responsabilidad por enlaces\u00a0\u00a0\u00a0<\/span><\/h3>\n<p>Mi sitio web contiene enlaces a sitios web externos de terceros sobre cuyo contenido no tenemos ninguna influencia. Por lo tanto, no pudeo aceptar ninguna responsabilidad por este contenido de terceros. El respectivo proveedor u operador de las p\u00e1ginas es siempre responsable del contenido de las p\u00e1ginas enlazadas. Las p\u00e1ginas enlazadas fueron revisadas en el momento de su vinculaci\u00f3n para detectar posibles infracciones legales.\u00a0 En el momento de establecer el enlace no se detectaron contenidos ilegales. No obstante, no es posible un control permanente de los contenidos de las p\u00e1ginas enlazadas. Si tengo conocimiento de alguna infracci\u00f3n legal, eliminar\u00e9 dichos enlaces inmediatamente.<\/p>\n<h3><span style=\"font-weight: 400;\">Derechos de autor\u00a0<\/span><\/h3>\n<p>Las fotos e im\u00e1genes utilizadas en este sitio web proceden de las siguientes fuentes:<br \/><a href=\"https:\/\/imagiustudio.com\/\">https:\/\/imagiustudio.com\/<br \/><\/a><a href=\"https:\/\/www.grit-siwonia.de\/\">https:\/\/www.grit-siwonia.de\/<br \/><\/a>Otras fuentes de im\u00e1genes: Canva, Pexels y Adobe Stock.<\/p>\n<p>El contenido y las obras creadas por los operadores del sitio en estas p\u00e1ginas est\u00e1n sujetos a la legislaci\u00f3n alemana sobre derechos de autor. La reproducci\u00f3n, edici\u00f3n, distribuci\u00f3n y cualquier tipo de utilizaci\u00f3n fuera de los l\u00edmites de la ley de derechos de autor requieren el consentimiento por escrito del respectivo autor o creador. Las descargas y copias de este sitio s\u00f3lo est\u00e1n permitidas para uso privado y no comercial. En la medida en que el contenido de este sitio no haya sido creado por el operador, se respetan los derechos de autor de terceros. En particular, los contenidos de terceros est\u00e1n etiquetados como tales. No obstante, si tiene conocimiento de una infracci\u00f3n de los derechos de autor, le ruego que me lo comunique. Si tengo conocimiento de alguna infracci\u00f3n, eliminar\u00e9 inmediatamente dicho contenido.<\/p>\n<p>[\/et_pb_text][\/et_pb_column][\/et_pb_row][\/et_pb_section]<\/p>\n","protected":false},"excerpt":{"rendered":"<p>Aviso legal Direcci\u00f3n: Bismarckstra\u00dfe 18, 26122 Oldenburg, Alemania Tel\u00e9fono: 49 (0) 152 31 98 58 00Correo electr\u00f3nico: info(at)estherfortmann.com Gerente con derecho a representaci\u00f3n: Esther Fortmann N\u00famero de identificaci\u00f3n fiscal conforme al art. 27a de la Ley del IVA alem\u00e1n: 2364\/112\/21026 Responsable del contenido: Esther Fortmann y los colaboradores que firmen contenidos a su nombre. &nbsp; [&hellip;]<\/p>\n","protected":false},"author":3,"featured_media":0,"parent":0,"menu_order":0,"comment_status":"closed","ping_status":"closed","template":"","meta":{"_et_pb_use_builder":"on","_et_pb_old_content":"","_et_gb_content_width":"","footnotes":""},"class_list":["post-987511706","page","type-page","status-publish","hentry"],"yoast_head":"<!-- This site is optimized with the Yoast SEO plugin v27.3 - https:\/\/yoast.com\/product\/yoast-seo-wordpress\/ -->\n<title>Aviso legal ~ Esther Fortmann<\/title>\n<meta name=\"robots\" content=\"noindex, nofollow\" \/>\n<meta property=\"og:locale\" content=\"es_ES\" \/>\n<meta property=\"og:type\" content=\"article\" \/>\n<meta property=\"og:title\" content=\"Aviso legal ~ Esther Fortmann\" \/>\n<meta property=\"og:description\" content=\"Aviso legal Direcci\u00f3n: Bismarckstra\u00dfe 18, 26122 Oldenburg, Alemania Tel\u00e9fono: 49 (0) 152 31 98 58 00Correo electr\u00f3nico: info(at)estherfortmann.com Gerente con derecho a representaci\u00f3n: Esther Fortmann N\u00famero de identificaci\u00f3n fiscal conforme al art. 27a de la Ley del IVA alem\u00e1n: 2364\/112\/21026 Responsable del contenido: Esther Fortmann y los colaboradores que firmen contenidos a su nombre. &nbsp; [&hellip;]\" \/>\n<meta property=\"og:url\" content=\"https:\/\/estherfortmann.com\/es\/impressum\/\" \/>\n<meta property=\"og:site_name\" content=\"Esther Fortmann\" \/>\n<meta property=\"article:modified_time\" content=\"2024-07-16T20:18:34+00:00\" \/>\n<meta property=\"og:image\" content=\"https:\/\/estherfortmann.com\/wp-content\/uploads\/2024\/04\/estherfortmann-conscious-leadership-coaching.jpg\" \/>\n\t<meta property=\"og:image:width\" content=\"1920\" \/>\n\t<meta property=\"og:image:height\" content=\"1080\" \/>\n\t<meta property=\"og:image:type\" content=\"image\/jpeg\" \/>\n<meta name=\"twitter:card\" content=\"summary_large_image\" \/>\n<script type=\"application\/ld+json\" class=\"yoast-schema-graph\">{\"@context\":\"https:\\\/\\\/schema.org\",\"@graph\":[{\"@type\":\"WebPage\",\"@id\":\"https:\\\/\\\/estherfortmann.com\\\/es\\\/impressum\\\/\",\"url\":\"https:\\\/\\\/estherfortmann.com\\\/es\\\/impressum\\\/\",\"name\":\"Aviso legal ~ Esther Fortmann\",\"isPartOf\":{\"@id\":\"https:\\\/\\\/estherfortmann.com\\\/es\\\/#website\"},\"datePublished\":\"2024-02-27T13:34:35+00:00\",\"dateModified\":\"2024-07-16T20:18:34+00:00\",\"breadcrumb\":{\"@id\":\"https:\\\/\\\/estherfortmann.com\\\/es\\\/impressum\\\/#breadcrumb\"},\"inLanguage\":\"es\",\"potentialAction\":[{\"@type\":\"ReadAction\",\"target\":[\"https:\\\/\\\/estherfortmann.com\\\/es\\\/impressum\\\/\"]}]},{\"@type\":\"BreadcrumbList\",\"@id\":\"https:\\\/\\\/estherfortmann.com\\\/es\\\/impressum\\\/#breadcrumb\",\"itemListElement\":[{\"@type\":\"ListItem\",\"position\":1,\"name\":\"Startseite\",\"item\":\"https:\\\/\\\/estherfortmann.com\\\/es\\\/\"},{\"@type\":\"ListItem\",\"position\":2,\"name\":\"Aviso legal\"}]},{\"@type\":\"WebSite\",\"@id\":\"https:\\\/\\\/estherfortmann.com\\\/es\\\/#website\",\"url\":\"https:\\\/\\\/estherfortmann.com\\\/es\\\/\",\"name\":\"Esther Fortmann\",\"description\":\"ESTHER FORTMANN HOLISTIC COACHING &amp; CONSCIOUS LEADERSHIP TRAINING\",\"publisher\":{\"@id\":\"https:\\\/\\\/estherfortmann.com\\\/es\\\/#\\\/schema\\\/person\\\/473925b16b8366fec1a0452017762106\"},\"alternateName\":\"ESTHER FORTMANN HOLISTIC COACHING & CONSCIOUS LEADERSHIP TRAINING\",\"potentialAction\":[{\"@type\":\"SearchAction\",\"target\":{\"@type\":\"EntryPoint\",\"urlTemplate\":\"https:\\\/\\\/estherfortmann.com\\\/es\\\/?s={search_term_string}\"},\"query-input\":{\"@type\":\"PropertyValueSpecification\",\"valueRequired\":true,\"valueName\":\"search_term_string\"}}],\"inLanguage\":\"es\"},{\"@type\":[\"Person\",\"Organization\"],\"@id\":\"https:\\\/\\\/estherfortmann.com\\\/es\\\/#\\\/schema\\\/person\\\/473925b16b8366fec1a0452017762106\",\"name\":\"esther\",\"image\":{\"@type\":\"ImageObject\",\"inLanguage\":\"es\",\"@id\":\"https:\\\/\\\/estherfortmann.com\\\/wp-content\\\/uploads\\\/2024\\\/02\\\/estherfortmann-logo-transparent.png\",\"url\":\"https:\\\/\\\/estherfortmann.com\\\/wp-content\\\/uploads\\\/2024\\\/02\\\/estherfortmann-logo-transparent.png\",\"contentUrl\":\"https:\\\/\\\/estherfortmann.com\\\/wp-content\\\/uploads\\\/2024\\\/02\\\/estherfortmann-logo-transparent.png\",\"width\":500,\"height\":500,\"caption\":\"esther\"},\"logo\":{\"@id\":\"https:\\\/\\\/estherfortmann.com\\\/wp-content\\\/uploads\\\/2024\\\/02\\\/estherfortmann-logo-transparent.png\"}}]}<\/script>\n<!-- \/ Yoast SEO plugin. -->","yoast_head_json":{"title":"Aviso legal ~ Esther Fortmann","robots":{"index":"noindex","follow":"nofollow"},"og_locale":"es_ES","og_type":"article","og_title":"Aviso legal ~ Esther Fortmann","og_description":"Aviso legal Direcci\u00f3n: Bismarckstra\u00dfe 18, 26122 Oldenburg, Alemania Tel\u00e9fono: 49 (0) 152 31 98 58 00Correo electr\u00f3nico: info(at)estherfortmann.com Gerente con derecho a representaci\u00f3n: Esther Fortmann N\u00famero de identificaci\u00f3n fiscal conforme al art. 27a de la Ley del IVA alem\u00e1n: 2364\/112\/21026 Responsable del contenido: Esther Fortmann y los colaboradores que firmen contenidos a su nombre. &nbsp; [&hellip;]","og_url":"https:\/\/estherfortmann.com\/es\/impressum\/","og_site_name":"Esther Fortmann","article_modified_time":"2024-07-16T20:18:34+00:00","og_image":[{"width":1920,"height":1080,"url":"https:\/\/estherfortmann.com\/wp-content\/uploads\/2024\/04\/estherfortmann-conscious-leadership-coaching.jpg","type":"image\/jpeg"}],"twitter_card":"summary_large_image","schema":{"@context":"https:\/\/schema.org","@graph":[{"@type":"WebPage","@id":"https:\/\/estherfortmann.com\/es\/impressum\/","url":"https:\/\/estherfortmann.com\/es\/impressum\/","name":"Aviso legal ~ Esther Fortmann","isPartOf":{"@id":"https:\/\/estherfortmann.com\/es\/#website"},"datePublished":"2024-02-27T13:34:35+00:00","dateModified":"2024-07-16T20:18:34+00:00","breadcrumb":{"@id":"https:\/\/estherfortmann.com\/es\/impressum\/#breadcrumb"},"inLanguage":"es","potentialAction":[{"@type":"ReadAction","target":["https:\/\/estherfortmann.com\/es\/impressum\/"]}]},{"@type":"BreadcrumbList","@id":"https:\/\/estherfortmann.com\/es\/impressum\/#breadcrumb","itemListElement":[{"@type":"ListItem","position":1,"name":"Startseite","item":"https:\/\/estherfortmann.com\/es\/"},{"@type":"ListItem","position":2,"name":"Aviso legal"}]},{"@type":"WebSite","@id":"https:\/\/estherfortmann.com\/es\/#website","url":"https:\/\/estherfortmann.com\/es\/","name":"Esther Fortmann","description":"ESTHER FORTMANN HOLISTIC COACHING &amp; CONSCIOUS LEADERSHIP TRAINING","publisher":{"@id":"https:\/\/estherfortmann.com\/es\/#\/schema\/person\/473925b16b8366fec1a0452017762106"},"alternateName":"ESTHER FORTMANN HOLISTIC COACHING & CONSCIOUS LEADERSHIP TRAINING","potentialAction":[{"@type":"SearchAction","target":{"@type":"EntryPoint","urlTemplate":"https:\/\/estherfortmann.com\/es\/?s={search_term_string}"},"query-input":{"@type":"PropertyValueSpecification","valueRequired":true,"valueName":"search_term_string"}}],"inLanguage":"es"},{"@type":["Person","Organization"],"@id":"https:\/\/estherfortmann.com\/es\/#\/schema\/person\/473925b16b8366fec1a0452017762106","name":"esther","image":{"@type":"ImageObject","inLanguage":"es","@id":"https:\/\/estherfortmann.com\/wp-content\/uploads\/2024\/02\/estherfortmann-logo-transparent.png","url":"https:\/\/estherfortmann.com\/wp-content\/uploads\/2024\/02\/estherfortmann-logo-transparent.png","contentUrl":"https:\/\/estherfortmann.com\/wp-content\/uploads\/2024\/02\/estherfortmann-logo-transparent.png","width":500,"height":500,"caption":"esther"},"logo":{"@id":"https:\/\/estherfortmann.com\/wp-content\/uploads\/2024\/02\/estherfortmann-logo-transparent.png"}}]}},"_links":{"self":[{"href":"https:\/\/estherfortmann.com\/es\/wp-json\/wp\/v2\/pages\/987511706","targetHints":{"allow":["GET"]}}],"collection":[{"href":"https:\/\/estherfortmann.com\/es\/wp-json\/wp\/v2\/pages"}],"about":[{"href":"https:\/\/estherfortmann.com\/es\/wp-json\/wp\/v2\/types\/page"}],"author":[{"embeddable":true,"href":"https:\/\/estherfortmann.com\/es\/wp-json\/wp\/v2\/users\/3"}],"replies":[{"embeddable":true,"href":"https:\/\/estherfortmann.com\/es\/wp-json\/wp\/v2\/comments?post=987511706"}],"version-history":[{"count":7,"href":"https:\/\/estherfortmann.com\/es\/wp-json\/wp\/v2\/pages\/987511706\/revisions"}],"predecessor-version":[{"id":987511810,"href":"https:\/\/estherfortmann.com\/es\/wp-json\/wp\/v2\/pages\/987511706\/revisions\/987511810"}],"wp:attachment":[{"href":"https:\/\/estherfortmann.com\/es\/wp-json\/wp\/v2\/media?parent=987511706"}],"curies":[{"name":"wp","href":"https:\/\/api.w.org\/{rel}","templated":true}]}}